{"id":2,"date":"2025-09-06T12:22:47","date_gmt":"2025-09-06T12:22:47","guid":{"rendered":"https:\/\/venturo.se\/?page_id=2"},"modified":"2025-09-16T13:56:20","modified_gmt":"2025-09-16T13:56:20","slug":"sample-page","status":"publish","type":"page","link":"https:\/\/venturo.se\/","title":{"rendered":"Hem"},"content":{"rendered":"\t\t<div data-elementor-type=\"wp-page\" data-elementor-id=\"2\" class=\"elementor elementor-2\" data-elementor-post-type=\"page\">\n\t\t\t\t<div class=\"elementor-element elementor-element-20d1c808 e-flex e-con-boxed e-con e-parent\" data-id=\"20d1c808\" data-element_type=\"container\" data-e-type=\"container\" data-settings=\"{&quot;background_background&quot;:&quot;classic&quot;}\">\n\t\t\t\t\t<div class=\"e-con-inner\">\n\t\t<div class=\"elementor-element elementor-element-7fc81db e-con-full e-flex e-con e-child\" data-id=\"7fc81db\" data-element_type=\"container\" data-e-type=\"container\">\n\t\t\t\t<div class=\"elementor-element elementor-element-b73c476 elementor-widget elementor-widget-heading\" data-id=\"b73c476\" data-element_type=\"widget\" data-e-type=\"widget\" data-widget_type=\"heading.default\">\n\t\t\t\t\t<h1 class=\"elementor-heading-title elementor-size-default\">Integrating Servicenow<\/h1>\t\t\t\t<\/div>\n\t\t\t\t<div class=\"elementor-element elementor-element-69e8064e animated-slow elementor-invisible elementor-widget elementor-widget-text-editor\" data-id=\"69e8064e\" data-element_type=\"widget\" data-e-type=\"widget\" data-settings=\"{&quot;_animation&quot;:&quot;fadeIn&quot;,&quot;_animation_delay&quot;:250}\" data-widget_type=\"text-editor.default\">\n\t\t\t\t\t\t\t\t\t<p><span data-teams=\"true\"><strong>Vi \u00e4r ServiceNow-specialister med fokus p\u00e5 integration och automation som skapar v\u00e4rde!<\/strong><br \/>Vi \u00e4r ett nischat konsultbolag med en tydlig spets: att hj\u00e4lpa f\u00f6retag att f\u00e5 ut maximalt v\u00e4rde av sin ServiceNow-investering. <br \/>Genom smarta integrationer, automatiserade arbetsfl\u00f6den och skr\u00e4ddarsydda l\u00f6sningar kopplar vi samman teknik och verksamhet \u2013 f\u00f6r effektivare processer, l\u00e4gre kostnader och b\u00e4ttre anv\u00e4ndarupplevelse.<\/span><\/p>\t\t\t\t\t\t\t\t<\/div>\n\t\t\t\t<\/div>\n\t\t<div class=\"elementor-element elementor-element-5a871d7 e-con-full e-flex e-con e-child\" data-id=\"5a871d7\" data-element_type=\"container\" data-e-type=\"container\">\n\t\t<div class=\"elementor-element elementor-element-0ad7409 e-con-full e-flex e-con e-child\" data-id=\"0ad7409\" data-element_type=\"container\" data-e-type=\"container\" data-settings=\"{&quot;background_background&quot;:&quot;classic&quot;,&quot;position&quot;:&quot;absolute&quot;}\">\n\t\t\t\t<\/div>\n\t\t\t\t<div class=\"elementor-element elementor-element-36fc143 elementor-widget elementor-widget-image\" data-id=\"36fc143\" data-element_type=\"widget\" data-e-type=\"widget\" data-widget_type=\"image.default\">\n\t\t\t\t\t\t\t\t\t\t\t\t\t\t\t<img fetchpriority=\"high\" decoding=\"async\" width=\"500\" height=\"500\" src=\"https:\/\/venturo.se\/wp-content\/uploads\/2025\/09\/Venturo-Favicon2.png\" class=\"attachment-large size-large wp-image-129\" alt=\"\" srcset=\"https:\/\/venturo.se\/wp-content\/uploads\/2025\/09\/Venturo-Favicon2.png 500w, https:\/\/venturo.se\/wp-content\/uploads\/2025\/09\/Venturo-Favicon2-300x300.png 300w, https:\/\/venturo.se\/wp-content\/uploads\/2025\/09\/Venturo-Favicon2-150x150.png 150w\" sizes=\"(max-width: 500px) 100vw, 500px\" \/>\t\t\t\t\t\t\t\t\t\t\t\t\t\t\t<\/div>\n\t\t\t\t<\/div>\n\t\t\t\t\t<\/div>\n\t\t\t\t<\/div>\n\t\t<div class=\"elementor-element elementor-element-89f404b e-flex e-con-boxed e-con e-parent\" data-id=\"89f404b\" data-element_type=\"container\" data-e-type=\"container\" id=\"specialistomraden\" data-settings=\"{&quot;background_background&quot;:&quot;classic&quot;}\">\n\t\t\t\t\t<div class=\"e-con-inner\">\n\t\t\t\t<div class=\"elementor-element elementor-element-eb97e9d elementor-widget elementor-widget-heading\" data-id=\"eb97e9d\" data-element_type=\"widget\" data-e-type=\"widget\" data-widget_type=\"heading.default\">\n\t\t\t\t\t<h2 class=\"elementor-heading-title elementor-size-default\">Specialistomr\u00e5den<\/h2>\t\t\t\t<\/div>\n\t\t<div class=\"elementor-element elementor-element-2aa71fa e-con-full e-flex e-con e-child\" data-id=\"2aa71fa\" data-element_type=\"container\" data-e-type=\"container\">\n\t\t<div class=\"elementor-element elementor-element-4234a0f e-con-full e-flex e-con e-child\" data-id=\"4234a0f\" data-element_type=\"container\" data-e-type=\"container\" data-settings=\"{&quot;background_background&quot;:&quot;classic&quot;}\">\n\t\t\t\t<div class=\"elementor-element elementor-element-d7cb09f elementor-widget elementor-widget-heading\" data-id=\"d7cb09f\" data-element_type=\"widget\" data-e-type=\"widget\" data-widget_type=\"heading.default\">\n\t\t\t\t\t<h3 class=\"elementor-heading-title elementor-size-default\">Integration<\/h3>\t\t\t\t<\/div>\n\t\t\t\t<div class=\"elementor-element elementor-element-1d63650 elementor-widget elementor-widget-text-editor\" data-id=\"1d63650\" data-element_type=\"widget\" data-e-type=\"widget\" data-widget_type=\"text-editor.default\">\n\t\t\t\t\t\t\t\t\t<p>IntegrationHub<\/p><p>Workflow Data Fabric<\/p><p>Web Services &amp; Custom Integrations (REST, GraphQL)<\/p><p>ITOM Discovery<\/p>\t\t\t\t\t\t\t\t<\/div>\n\t\t\t\t<\/div>\n\t\t<div class=\"elementor-element elementor-element-cabc19c e-con-full e-flex e-con e-child\" data-id=\"cabc19c\" data-element_type=\"container\" data-e-type=\"container\" data-settings=\"{&quot;background_background&quot;:&quot;classic&quot;}\">\n\t\t\t\t<div class=\"elementor-element elementor-element-082a998 elementor-widget elementor-widget-heading\" data-id=\"082a998\" data-element_type=\"widget\" data-e-type=\"widget\" data-widget_type=\"heading.default\">\n\t\t\t\t\t<h3 class=\"elementor-heading-title elementor-size-default\">Operational Technology<\/h3>\t\t\t\t<\/div>\n\t\t\t\t<div class=\"elementor-element elementor-element-d930e23 elementor-widget elementor-widget-text-editor\" data-id=\"d930e23\" data-element_type=\"widget\" data-e-type=\"widget\" data-widget_type=\"text-editor.default\">\n\t\t\t\t\t\t\t\t\t<p>NIS2 Compliance through GRC &amp; OT; leveraging CMDB<\/p><p>Connecting IT for OT &amp; OT for IT<\/p><p>OT Modeling<\/p><p>Site Mapping<\/p><p>Security &amp; Governance Transformation<\/p>\t\t\t\t\t\t\t\t<\/div>\n\t\t\t\t<\/div>\n\t\t<div class=\"elementor-element elementor-element-c3c2d2d e-con-full e-flex e-con e-child\" data-id=\"c3c2d2d\" data-element_type=\"container\" data-e-type=\"container\" data-settings=\"{&quot;background_background&quot;:&quot;classic&quot;}\">\n\t\t\t\t<div class=\"elementor-element elementor-element-91182c4 elementor-widget elementor-widget-heading\" data-id=\"91182c4\" data-element_type=\"widget\" data-e-type=\"widget\" data-widget_type=\"heading.default\">\n\t\t\t\t\t<h3 class=\"elementor-heading-title elementor-size-default\">Service Modeling<\/h3>\t\t\t\t<\/div>\n\t\t\t\t<div class=\"elementor-element elementor-element-c74d272 elementor-widget elementor-widget-text-editor\" data-id=\"c74d272\" data-element_type=\"widget\" data-e-type=\"widget\" data-widget_type=\"text-editor.default\">\n\t\t\t\t\t\t\t\t\t<p>ITOM Service Mapping<\/p><p>CSDM 5.0<\/p><p>CMDB<\/p><p>CMDB Workspace<\/p>\t\t\t\t\t\t\t\t<\/div>\n\t\t\t\t<\/div>\n\t\t<div class=\"elementor-element elementor-element-6a3348e e-con-full e-flex e-con e-child\" data-id=\"6a3348e\" data-element_type=\"container\" data-e-type=\"container\" data-settings=\"{&quot;background_background&quot;:&quot;classic&quot;}\">\n\t\t\t\t<div class=\"elementor-element elementor-element-ecc5c0b elementor-widget elementor-widget-heading\" data-id=\"ecc5c0b\" data-element_type=\"widget\" data-e-type=\"widget\" data-widget_type=\"heading.default\">\n\t\t\t\t\t<h3 class=\"elementor-heading-title elementor-size-default\">Automation<\/h3>\t\t\t\t<\/div>\n\t\t\t\t<div class=\"elementor-element elementor-element-6961c7d elementor-widget elementor-widget-text-editor\" data-id=\"6961c7d\" data-element_type=\"widget\" data-e-type=\"widget\" data-widget_type=\"text-editor.default\">\n\t\t\t\t\t\t\t\t\t<p>Custom Applications &amp; Workflows<\/p><p>Advanced Service Catalog Automation<\/p><p>Agentic AI and Virtual Agents<\/p>\t\t\t\t\t\t\t\t<\/div>\n\t\t\t\t<\/div>\n\t\t\t\t<\/div>\n\t\t\t\t\t<\/div>\n\t\t\t\t<\/div>\n\t\t<div class=\"elementor-element elementor-element-54f91ad e-flex e-con-boxed e-con e-parent\" data-id=\"54f91ad\" data-element_type=\"container\" data-e-type=\"container\" id=\"varfor\" data-settings=\"{&quot;background_background&quot;:&quot;classic&quot;}\">\n\t\t\t\t\t<div class=\"e-con-inner\">\n\t\t<div class=\"elementor-element elementor-element-b3858f4 e-con-full e-flex e-con e-child\" data-id=\"b3858f4\" data-element_type=\"container\" data-e-type=\"container\">\n\t\t<div class=\"elementor-element elementor-element-5307514 e-con-full e-flex e-con e-child\" data-id=\"5307514\" data-element_type=\"container\" data-e-type=\"container\" data-settings=\"{&quot;background_background&quot;:&quot;classic&quot;}\">\n\t\t\t\t<div class=\"elementor-element elementor-element-46686c9 elementor-widget elementor-widget-heading\" data-id=\"46686c9\" data-element_type=\"widget\" data-e-type=\"widget\" data-widget_type=\"heading.default\">\n\t\t\t\t\t<h2 class=\"elementor-heading-title elementor-size-default\">Varf\u00f6r Venturo<\/h2>\t\t\t\t<\/div>\n\t\t\t\t<div class=\"elementor-element elementor-element-9c932af elementor-widget elementor-widget-heading\" data-id=\"9c932af\" data-element_type=\"widget\" data-e-type=\"widget\" data-widget_type=\"heading.default\">\n\t\t\t\t\t<h3 class=\"elementor-heading-title elementor-size-default\">Allting h\u00e4nger ihop<\/h3>\t\t\t\t<\/div>\n\t\t\t\t<div class=\"elementor-element elementor-element-23a463d elementor-widget elementor-widget-text-editor\" data-id=\"23a463d\" data-element_type=\"widget\" data-e-type=\"widget\" data-widget_type=\"text-editor.default\">\n\t\t\t\t\t\t\t\t\t<div data-olk-copy-source=\"MessageBody\">Vi bygger en helt ny community med l\u00f6sningsarkitektur samt utveckling. Baserat p\u00e5 ServiceNow \u00e4r vi lyh\u00f6rda f\u00f6r plattformens st\u00e4ndigt m\u00f6jligg\u00f6rande att skapa v\u00e4rde via tekniska l\u00f6sningar. Vi \u00e4lskar Integration!<\/div><div>Vi ska inte bli ett j\u00e4ttebolag men vi ska under hela resan vara j\u00e4ttebra!<\/div><div>Vi ser till att omge oss av m\u00e4nniskor som \u00e4r n\u00f6jda med tillvaron p\u00e5 alla s\u00e4tt och vis. Vi ska vara en m\u00f6jligg\u00f6rare till en bra tillvaro d\u00e4r bland annat ers\u00e4ttningar och uppdrag ska vara r\u00e4tt. Det finns m\u00e5nga andra viktiga saker som ska p\u00e5 plats f\u00f6r att alla ska m\u00e5 bra och trivas p\u00e5 jobbet. Familjen och h\u00e4lsan \u00e4r viktig. Hur ser det ut n\u00e4r man blir sjuk eller gammal? Om jag g\u00f6r en avg\u00f6rande insats, hur kan jag f\u00e5 maximal nytta av det?<\/div><div>Vi f\u00e5r livets pussel att g\u00e5 ihop.\u00a0<\/div>\t\t\t\t\t\t\t\t<\/div>\n\t\t\t\t<div class=\"elementor-element elementor-element-7df9c7c elementor-widget elementor-widget-heading\" data-id=\"7df9c7c\" data-element_type=\"widget\" data-e-type=\"widget\" data-widget_type=\"heading.default\">\n\t\t\t\t\t<h3 class=\"elementor-heading-title elementor-size-default\">Vi \u00e4lskar v\u00e5ra kunder p\u00e5 riktigt<\/h3>\t\t\t\t<\/div>\n\t\t\t\t<div class=\"elementor-element elementor-element-38be11e elementor-widget elementor-widget-text-editor\" data-id=\"38be11e\" data-element_type=\"widget\" data-e-type=\"widget\" data-widget_type=\"text-editor.default\">\n\t\t\t\t\t\t\t\t\t<div data-olk-copy-source=\"MessageBody\"><span data-olk-copy-source=\"MessageBody\">I den goda spiralen attraherar vi bra uppdragsgivare och kunder som bryr sig om alla sina medarbetare. P\u00e5 Venturo \u00e4r vi duktiga och trevliga och levererar kvalitet s\u00e5 de b\u00e4sta kunderna vill jobba med oss. Vi f\u00e5r utvecklande och intressanta projekt l\u00f6pande och den goda spiralen \u00e4r redan i g\u00e5ng. Vi \u00e4lskar att skapa nya m\u00f6jligheter med v\u00e5ra kunder. Venturo specialiserar sig p\u00e5 Tillverkande Industri, Bank\/f\u00f6rs\u00e4kring samt Regioner.<\/span><\/div>\t\t\t\t\t\t\t\t<\/div>\n\t\t\t\t<div class=\"elementor-element elementor-element-df69075 elementor-widget elementor-widget-heading\" data-id=\"df69075\" data-element_type=\"widget\" data-e-type=\"widget\" data-widget_type=\"heading.default\">\n\t\t\t\t\t<h3 class=\"elementor-heading-title elementor-size-default\">N\u00f6je med nytta<\/h3>\t\t\t\t<\/div>\n\t\t\t\t<div class=\"elementor-element elementor-element-4d41988 elementor-widget elementor-widget-text-editor\" data-id=\"4d41988\" data-element_type=\"widget\" data-e-type=\"widget\" data-widget_type=\"text-editor.default\">\n\t\t\t\t\t\t\t\t\t<div data-olk-copy-source=\"MessageBody\"><span data-olk-copy-source=\"MessageBody\">Vi v\u00e4rnar om v\u00e5ra kollegor och tycker att det \u00e4r lika viktigt att vi utvecklas som att utveckla den senaste tekniken. D\u00e4rf\u00f6r har vi en gener\u00f6s budget f\u00f6r kompetensutveckling varje \u00e5r samt flera kompetensaktiviteter, workshops och konferenser b\u00e5de i Sverige och utanf\u00f6r. Vi tror att drivkraften av att vilja utvecklas \u00e4r nyckeln till det individuella CVt\u00b4s\u00a0 framg\u00e5ng. F\u00f6rvaltning sl\u00e4pper vi till andra.<\/span><\/div>\t\t\t\t\t\t\t\t<\/div>\n\t\t\t\t<div class=\"elementor-element elementor-element-f44b3b4 elementor-widget elementor-widget-heading\" data-id=\"f44b3b4\" data-element_type=\"widget\" data-e-type=\"widget\" data-widget_type=\"heading.default\">\n\t\t\t\t\t<h3 class=\"elementor-heading-title elementor-size-default\">KICK OFF<\/h3>\t\t\t\t<\/div>\n\t\t\t\t<div class=\"elementor-element elementor-element-2ebf00f elementor-widget elementor-widget-text-editor\" data-id=\"2ebf00f\" data-element_type=\"widget\" data-e-type=\"widget\" data-widget_type=\"text-editor.default\">\n\t\t\t\t\t\t\t\t\t<div data-olk-copy-source=\"MessageBody\"><span data-olk-copy-source=\"MessageBody\">Vi \u00e4r ETT team. Vi bryr oss om varandra och vi gillar att samla alla arbetskamrater p\u00e5 roliga aktiviteter s\u00e5 vi f\u00e5r tr\u00e4ffas och umg\u00e5s. F\u00f6lj med om du k\u00e4nner f\u00f6r det. Det kommer bli en rolig resa p\u00e5 flera plan \u2013 bildligt och bokstavligen.<\/span><\/div>\t\t\t\t\t\t\t\t<\/div>\n\t\t\t\t<\/div>\n\t\t<div class=\"elementor-element elementor-element-8a51e4a e-con-full e-flex e-con e-child\" data-id=\"8a51e4a\" data-element_type=\"container\" data-e-type=\"container\" data-settings=\"{&quot;background_background&quot;:&quot;classic&quot;}\">\n\t\t\t\t<div class=\"elementor-element elementor-element-36b2bbd elementor-widget elementor-widget-image\" data-id=\"36b2bbd\" data-element_type=\"widget\" data-e-type=\"widget\" data-widget_type=\"image.default\">\n\t\t\t\t\t\t\t\t\t\t\t\t\t\t\t<img decoding=\"async\" width=\"683\" height=\"1024\" src=\"https:\/\/venturo.se\/wp-content\/uploads\/2025\/09\/pexels-cottonbro-6153345-683x1024.jpg\" class=\"attachment-large size-large wp-image-110\" alt=\"\" srcset=\"https:\/\/venturo.se\/wp-content\/uploads\/2025\/09\/pexels-cottonbro-6153345-683x1024.jpg 683w, https:\/\/venturo.se\/wp-content\/uploads\/2025\/09\/pexels-cottonbro-6153345-200x300.jpg 200w, https:\/\/venturo.se\/wp-content\/uploads\/2025\/09\/pexels-cottonbro-6153345-768x1152.jpg 768w, https:\/\/venturo.se\/wp-content\/uploads\/2025\/09\/pexels-cottonbro-6153345-1024x1536.jpg 1024w, https:\/\/venturo.se\/wp-content\/uploads\/2025\/09\/pexels-cottonbro-6153345-1365x2048.jpg 1365w, https:\/\/venturo.se\/wp-content\/uploads\/2025\/09\/pexels-cottonbro-6153345-scaled.jpg 1707w\" sizes=\"(max-width: 683px) 100vw, 683px\" \/>\t\t\t\t\t\t\t\t\t\t\t\t\t\t\t<\/div>\n\t\t\t\t<\/div>\n\t\t\t\t<\/div>\n\t\t\t\t\t<\/div>\n\t\t\t\t<\/div>\n\t\t\t\t<\/div>\n\t\t","protected":false},"excerpt":{"rendered":"<p>Integrating Servicenow Vi \u00e4r ServiceNow-specialister med fokus p\u00e5 integration och automation som skapar v\u00e4rde!Vi \u00e4r ett nischat konsultbolag med en tydlig spets: att hj\u00e4lpa f\u00f6retag att f\u00e5 ut maximalt v\u00e4rde av sin ServiceNow-investering. Genom smarta integrationer, automatiserade arbetsfl\u00f6den och skr\u00e4ddarsydda l\u00f6sningar kopplar vi samman teknik och verksamhet \u2013 f\u00f6r effektivare processer, l\u00e4gre kostnader och b\u00e4ttre [&hellip;]<\/p>\n","protected":false},"author":1,"featured_media":0,"parent":0,"menu_order":0,"comment_status":"closed","ping_status":"open","template":"elementor_header_footer","meta":{"footnotes":""},"class_list":["post-2","page","type-page","status-publish","hentry"],"_links":{"self":[{"href":"https:\/\/venturo.se\/index.php?rest_route=\/wp\/v2\/pages\/2","targetHints":{"allow":["GET"]}}],"collection":[{"href":"https:\/\/venturo.se\/index.php?rest_route=\/wp\/v2\/pages"}],"about":[{"href":"https:\/\/venturo.se\/index.php?rest_route=\/wp\/v2\/types\/page"}],"author":[{"embeddable":true,"href":"https:\/\/venturo.se\/index.php?rest_route=\/wp\/v2\/users\/1"}],"replies":[{"embeddable":true,"href":"https:\/\/venturo.se\/index.php?rest_route=%2Fwp%2Fv2%2Fcomments&post=2"}],"version-history":[{"count":94,"href":"https:\/\/venturo.se\/index.php?rest_route=\/wp\/v2\/pages\/2\/revisions"}],"predecessor-version":[{"id":175,"href":"https:\/\/venturo.se\/index.php?rest_route=\/wp\/v2\/pages\/2\/revisions\/175"}],"wp:attachment":[{"href":"https:\/\/venturo.se\/index.php?rest_route=%2Fwp%2Fv2%2Fmedia&parent=2"}],"curies":[{"name":"wp","href":"https:\/\/api.w.org\/{rel}","templated":true}]}}